{"id":1066,"date":"2021-03-03T11:47:52","date_gmt":"2021-03-03T11:47:52","guid":{"rendered":"http:\/\/nicobio.it\/?page_id=1066"},"modified":"2021-03-17T09:35:35","modified_gmt":"2021-03-17T09:35:35","slug":"about-us","status":"publish","type":"page","link":"https:\/\/nicobio.it\/en\/about-us\/","title":{"rendered":"About us"},"content":{"rendered":"<p><div class=\"fusion-fullwidth fullwidth-box fusion-builder-row-1 fusion-flex-container fusion-parallax-none nonhundred-percent-fullwidth non-hundred-percent-height-scrolling\" style=\"--awb-border-radius-top-left:0px;--awb-border-radius-top-right:0px;--awb-border-radius-bottom-right:0px;--awb-border-radius-bottom-left:0px;--awb-padding-bottom:190px;--awb-padding-bottom-small:110px;--awb-background-image:url(&quot;http:\/\/nicobio.it\/wp-content\/uploads\/2021\/02\/Scarponi-campi.png&quot;);--awb-background-size:cover;--awb-flex-wrap:wrap;\" ><div class=\"fusion-builder-row fusion-row fusion-flex-align-items-flex-start fusion-flex-content-wrap\" style=\"max-width:1248px;margin-left: calc(-4% \/ 2 );margin-right: calc(-4% \/ 2 );\"><\/div><\/div><div class=\"fusion-fullwidth fullwidth-box fusion-builder-row-2 fusion-flex-container fusion-parallax-none nonhundred-percent-fullwidth non-hundred-percent-height-scrolling decorations\" style=\"--awb-background-position:center top;--awb-border-radius-top-left:0px;--awb-border-radius-top-right:0px;--awb-border-radius-bottom-right:0px;--awb-border-radius-bottom-left:0px;--awb-padding-top:50px;--awb-padding-bottom:30px;--awb-margin-bottom-small:-50px;--awb-background-image:url(&quot;http:\/\/nicobio.it\/wp-content\/uploads\/2021\/02\/Sole-nuvole-1.png&quot;);--awb-background-size:cover;--awb-flex-wrap:wrap;\" ><div class=\"fusion-builder-row fusion-row fusion-flex-align-items-flex-start fusion-flex-content-wrap\" style=\"max-width:1248px;margin-left: calc(-4% \/ 2 );margin-right: calc(-4% \/ 2 );\"><div class=\"fusion-layout-column fusion_builder_column fusion-builder-column-0 fusion_builder_column_1_1 1_1 fusion-flex-column fusion-animated\" style=\"--awb-padding-top:150px;--awb-padding-bottom:100px;--awb-padding-top-small:50px;--awb-padding-bottom-small:30px;--awb-bg-size:cover;--awb-width-large:100%;--awb-margin-top-large:0px;--awb-spacing-right-large:115px;--awb-margin-bottom-large:0px;--awb-spacing-left-large:115px;--awb-width-medium:100%;--awb-order-medium:0;--awb-spacing-right-medium:115px;--awb-spacing-left-medium:115px;--awb-width-small:100%;--awb-order-small:0;--awb-spacing-right-small:0px;--awb-spacing-left-small:0px;\" data-animationType=\"fadeInUp\" data-animationDuration=\"1.0\" data-animationOffset=\"top-into-view\"><div class=\"fusion-column-wrapper fusion-column-has-shadow fusion-flex-justify-content-flex-start fusion-content-layout-column\"><div class=\"fusion-title title fusion-title-1 fusion-sep-none fusion-title-center fusion-title-text fusion-title-size-two\" style=\"--awb-font-size:60px;\"><h2 class=\"fusion-title-heading title-heading-center fusion-responsive-typography-calculated\" style=\"margin:0;font-size:1em;--fontSize:60;line-height:1.2;\">About us<\/h2><\/div><div class=\"fusion-text fusion-text-1 p-big\"><p style=\"text-align: center;\">\u201cFarming is family work and we have plenty of help here.\u201d<\/p>\n<p style=\"text-align: center;\">Nicobio is: family, co-workers, Wwoofers and social inclusion.<\/p>\n<\/div><\/div><\/div><div class=\"fusion-layout-column fusion_builder_column fusion-builder-column-1 fusion_builder_column_1_1 1_1 fusion-flex-column fusion-animated\" style=\"--awb-bg-size:cover;--awb-width-large:100%;--awb-margin-top-large:0px;--awb-spacing-right-large:9.6%;--awb-margin-bottom-large:0px;--awb-spacing-left-large:9.6%;--awb-width-medium:100%;--awb-order-medium:0;--awb-spacing-right-medium:9.6%;--awb-spacing-left-medium:9.6%;--awb-width-small:100%;--awb-order-small:0;--awb-spacing-right-small:1.92%;--awb-spacing-left-small:1.92%;\" data-animationType=\"fadeInLeft\" data-animationDuration=\"1.5\" data-animationOffset=\"top-into-view\"><div class=\"fusion-column-wrapper fusion-column-has-shadow fusion-flex-justify-content-flex-end fusion-content-layout-column\"><div class=\"fusion-title title fusion-title-2 fusion-sep-none fusion-title-text fusion-title-size-three\"><h3 class=\"fusion-title-heading title-heading-left fusion-responsive-typography-calculated\" style=\"margin:0;--fontSize:35;line-height:1.5;\"><p style=\"text-align: center;\">The NicoBIO family<br \/>\nElena, Federico, Cl\u00f2\u00e8, Tideg, Anais and Ys\u00e8<\/p><\/h3><\/div><div class=\"fusion-text fusion-text-2\" style=\"--awb-text-color:#442d00;\"><p style=\"text-align: center;\">Cooking is hospitality. In the farmhouse, Elena and the girls knead the flour and yeast into dough and cook seasonal dishes daily. They are the ones who will welcome you upon your arrival.<\/p>\n<p style=\"text-align: center;\">Cultivating means caring. Federico is in the fields, working the land and gathering the vegetables he will then take to the farmer&#8217;s market.<\/p>\n<\/div><div class=\"fusion-image-element \" style=\"text-align:center;--awb-margin-top:30px;--awb-caption-title-font-family:var(--h2_typography-font-family);--awb-caption-title-font-weight:var(--h2_typography-font-weight);--awb-caption-title-font-style:var(--h2_typography-font-style);--awb-caption-title-size:var(--h2_typography-font-size);--awb-caption-title-transform:var(--h2_typography-text-transform);--awb-caption-title-line-height:var(--h2_typography-line-height);--awb-caption-title-letter-spacing:var(--h2_typography-letter-spacing);\"><span class=\" fusion-imageframe imageframe-none imageframe-1 hover-type-none\"><img decoding=\"async\" width=\"1100\" height=\"762\" title=\"nicobio_chi_siamo\" src=\"http:\/\/nicobio.it\/wp-content\/uploads\/2021\/03\/nicobio_chi_siamo-1.jpg\" alt class=\"img-responsive wp-image-1140\" srcset=\"https:\/\/nicobio.it\/wp-content\/uploads\/2021\/03\/nicobio_chi_siamo-1-200x139.jpg 200w, https:\/\/nicobio.it\/wp-content\/uploads\/2021\/03\/nicobio_chi_siamo-1-400x277.jpg 400w, https:\/\/nicobio.it\/wp-content\/uploads\/2021\/03\/nicobio_chi_siamo-1-600x416.jpg 600w, https:\/\/nicobio.it\/wp-content\/uploads\/2021\/03\/nicobio_chi_siamo-1-800x554.jpg 800w, https:\/\/nicobio.it\/wp-content\/uploads\/2021\/03\/nicobio_chi_siamo-1.jpg 1100w\" sizes=\"(max-width: 640px) 100vw, 1100px\" \/><\/span><\/div><div class=\"fusion-separator fusion-full-width-sep\" style=\"align-self: center;margin-left: auto;margin-right: auto;margin-top:30px;width:100%;\"><\/div><\/div><\/div><div class=\"fusion-layout-column fusion_builder_column fusion-builder-column-2 fusion_builder_column_1_1 1_1 fusion-flex-column\" style=\"--awb-padding-bottom:50px;--awb-bg-size:cover;--awb-width-large:100%;--awb-margin-top-large:0px;--awb-spacing-right-large:1.92%;--awb-margin-bottom-large:0px;--awb-spacing-left-large:1.92%;--awb-width-medium:100%;--awb-order-medium:0;--awb-spacing-right-medium:1.92%;--awb-spacing-left-medium:1.92%;--awb-width-small:100%;--awb-order-small:0;--awb-spacing-right-small:1.92%;--awb-spacing-left-small:1.92%;\"><div class=\"fusion-column-wrapper fusion-column-has-shadow fusion-flex-justify-content-flex-start fusion-content-layout-column\"><\/div><\/div><div class=\"fusion-layout-column fusion_builder_column fusion-builder-column-3 fusion_builder_column_1_1 1_1 fusion-flex-column fusion-animated\" style=\"--awb-bg-size:cover;--awb-width-large:100%;--awb-margin-top-large:0px;--awb-spacing-right-large:1.92%;--awb-margin-bottom-large:0px;--awb-spacing-left-large:1.92%;--awb-width-medium:100%;--awb-order-medium:0;--awb-spacing-right-medium:1.92%;--awb-spacing-left-medium:1.92%;--awb-width-small:100%;--awb-order-small:0;--awb-spacing-right-small:1.92%;--awb-spacing-left-small:1.92%;\" data-animationType=\"fadeInRight\" data-animationDuration=\"1.5\" data-animationOffset=\"top-into-view\"><div class=\"fusion-column-wrapper fusion-column-has-shadow fusion-flex-justify-content-flex-end fusion-content-layout-column\"><div class=\"fusion-title title fusion-title-3 fusion-sep-none fusion-title-text fusion-title-size-three\"><h3 class=\"fusion-title-heading title-heading-left fusion-responsive-typography-calculated\" style=\"margin:0;--fontSize:35;line-height:1.5;\"><p style=\"text-align: center;\">Nicobio is also a social farm&#8230;<\/p><\/h3><\/div><div class=\"fusion-text fusion-text-3\" style=\"--awb-text-color:#442d00;\"><p style=\"text-align: center;\">Alongside our family, Samuele and Filippo are our indispensable helpers and very dear friends; but every month we create wonderful friendships with young people from all over the world; people who share a passion for rural culture or need a helping hand along their path to social inclusion and employment.<\/p>\n<\/div><div class=\"fusion-separator fusion-full-width-sep\" style=\"align-self: center;margin-left: auto;margin-right: auto;margin-top:30px;width:100%;\"><\/div><\/div><\/div><div class=\"fusion-layout-column fusion_builder_column fusion-builder-column-4 fusion_builder_column_1_1 1_1 fusion-flex-column\" style=\"--awb-padding-bottom:50px;--awb-bg-size:cover;--awb-width-large:100%;--awb-margin-top-large:0px;--awb-spacing-right-large:1.92%;--awb-margin-bottom-large:0px;--awb-spacing-left-large:1.92%;--awb-width-medium:100%;--awb-order-medium:0;--awb-spacing-right-medium:1.92%;--awb-spacing-left-medium:1.92%;--awb-width-small:100%;--awb-order-small:0;--awb-spacing-right-small:1.92%;--awb-spacing-left-small:1.92%;\"><div class=\"fusion-column-wrapper fusion-column-has-shadow fusion-flex-justify-content-flex-start fusion-content-layout-column\"><div class=\"awb-gallery-wrapper awb-gallery-wrapper-1 button-span-no\"><div style=\"margin:-5px;--awb-bordersize:0px;\" class=\"fusion-gallery fusion-gallery-container fusion-grid-3 fusion-columns-total-3 fusion-gallery-layout-grid fusion-gallery-1\"><div style=\"padding:5px;\" class=\"fusion-grid-column fusion-gallery-column fusion-gallery-column-3 hover-type-none\"><div class=\"fusion-gallery-image\"><a href=\"https:\/\/nicobio.it\/wp-content\/uploads\/2021\/03\/nicobio_chi_siamo_gallery_1-1.jpg\" rel=\"noreferrer\" data-rel=\"iLightbox[gallery_image_1]\" class=\"fusion-lightbox\" target=\"_self\"><img decoding=\"async\" src=\"https:\/\/nicobio.it\/wp-content\/uploads\/2021\/03\/nicobio_chi_siamo_gallery_1-1.jpg\" width=\"800\" height=\"574\" alt=\"\" title=\"nicobio_chi_siamo_gallery_1\" aria-label=\"nicobio_chi_siamo_gallery_1\" class=\"img-responsive wp-image-1147\" srcset=\"https:\/\/nicobio.it\/wp-content\/uploads\/2021\/03\/nicobio_chi_siamo_gallery_1-1-200x144.jpg 200w, https:\/\/nicobio.it\/wp-content\/uploads\/2021\/03\/nicobio_chi_siamo_gallery_1-1-400x287.jpg 400w, https:\/\/nicobio.it\/wp-content\/uploads\/2021\/03\/nicobio_chi_siamo_gallery_1-1-600x431.jpg 600w, https:\/\/nicobio.it\/wp-content\/uploads\/2021\/03\/nicobio_chi_siamo_gallery_1-1.jpg 800w\" sizes=\"(min-width: 2200px) 100vw, (min-width: 784px) 397px, (min-width: 712px) 595px, (min-width: 640px) 712px, \" \/><\/a><\/div><\/div><div style=\"padding:5px;\" class=\"fusion-grid-column fusion-gallery-column fusion-gallery-column-3 hover-type-none\"><div class=\"fusion-gallery-image\"><a href=\"https:\/\/nicobio.it\/wp-content\/uploads\/2021\/03\/nicobio_chi_siamo_gallery_2-1.jpg\" rel=\"noreferrer\" data-rel=\"iLightbox[gallery_image_1]\" class=\"fusion-lightbox\" target=\"_self\"><img decoding=\"async\" src=\"https:\/\/nicobio.it\/wp-content\/uploads\/2021\/03\/nicobio_chi_siamo_gallery_2-1.jpg\" width=\"800\" height=\"574\" alt=\"\" title=\"nicobio_chi_siamo_gallery_2\" aria-label=\"nicobio_chi_siamo_gallery_2\" class=\"img-responsive wp-image-1149\" srcset=\"https:\/\/nicobio.it\/wp-content\/uploads\/2021\/03\/nicobio_chi_siamo_gallery_2-1-200x144.jpg 200w, https:\/\/nicobio.it\/wp-content\/uploads\/2021\/03\/nicobio_chi_siamo_gallery_2-1-400x287.jpg 400w, https:\/\/nicobio.it\/wp-content\/uploads\/2021\/03\/nicobio_chi_siamo_gallery_2-1-600x431.jpg 600w, https:\/\/nicobio.it\/wp-content\/uploads\/2021\/03\/nicobio_chi_siamo_gallery_2-1.jpg 800w\" sizes=\"(min-width: 2200px) 100vw, (min-width: 784px) 397px, (min-width: 712px) 595px, (min-width: 640px) 712px, \" \/><\/a><\/div><\/div><div style=\"padding:5px;\" class=\"fusion-grid-column fusion-gallery-column fusion-gallery-column-3 hover-type-none\"><div class=\"fusion-gallery-image\"><a href=\"https:\/\/nicobio.it\/wp-content\/uploads\/2021\/03\/nicobio_chi_siamo_gallery_3-1.jpg\" rel=\"noreferrer\" data-rel=\"iLightbox[gallery_image_1]\" class=\"fusion-lightbox\" target=\"_self\"><img decoding=\"async\" src=\"https:\/\/nicobio.it\/wp-content\/uploads\/2021\/03\/nicobio_chi_siamo_gallery_3-1.jpg\" width=\"800\" height=\"574\" alt=\"\" title=\"nicobio_chi_siamo_gallery_3\" aria-label=\"nicobio_chi_siamo_gallery_3\" class=\"img-responsive wp-image-1151\" srcset=\"https:\/\/nicobio.it\/wp-content\/uploads\/2021\/03\/nicobio_chi_siamo_gallery_3-1-200x144.jpg 200w, https:\/\/nicobio.it\/wp-content\/uploads\/2021\/03\/nicobio_chi_siamo_gallery_3-1-400x287.jpg 400w, https:\/\/nicobio.it\/wp-content\/uploads\/2021\/03\/nicobio_chi_siamo_gallery_3-1-600x431.jpg 600w, https:\/\/nicobio.it\/wp-content\/uploads\/2021\/03\/nicobio_chi_siamo_gallery_3-1.jpg 800w\" sizes=\"(min-width: 2200px) 100vw, (min-width: 784px) 397px, (min-width: 712px) 595px, (min-width: 640px) 712px, \" \/><\/a><\/div><\/div><div class=\"clearfix\"><\/div><\/div><\/div><div class=\"fusion-separator fusion-full-width-sep\" style=\"align-self: center;margin-left: auto;margin-right: auto;margin-top:60px;width:100%;\"><\/div><\/div><\/div><\/div><\/div><\/p>\n","protected":false},"excerpt":{"rendered":"","protected":false},"author":3,"featured_media":0,"parent":0,"menu_order":0,"comment_status":"closed","ping_status":"closed","template":"100-width.php","meta":{"footnotes":""},"class_list":["post-1066","page","type-page","status-publish","hentry"],"yoast_head":"<!-- This site is optimized with the Yoast SEO plugin v27.4 - https:\/\/yoast.com\/product\/yoast-seo-wordpress\/ -->\n<title>About us | Farm and holiday farmhouse NicoBIO<\/title>\n<meta name=\"description\" content=\"NicoBIO is above all family, collaborators, Wwoofers and social inclusion. Get to know the NicoBIO family and the Social Farm!\" \/>\n<meta name=\"robots\" content=\"index, follow, max-snippet:-1, max-image-preview:large, max-video-preview:-1\" \/>\n<link rel=\"canonical\" href=\"https:\/\/nicobio.it\/en\/about-us\/\" \/>\n<meta property=\"og:locale\" content=\"en_US\" \/>\n<meta property=\"og:type\" content=\"article\" \/>\n<meta property=\"og:title\" content=\"About us | Farm and holiday farmhouse NicoBIO\" \/>\n<meta property=\"og:description\" content=\"NicoBIO is above all family, collaborators, Wwoofers and social inclusion. Get to know the NicoBIO family and the Social Farm!\" \/>\n<meta property=\"og:url\" content=\"https:\/\/nicobio.it\/en\/about-us\/\" \/>\n<meta property=\"og:site_name\" content=\"NicoBIO\" \/>\n<meta property=\"article:modified_time\" content=\"2021-03-17T09:35:35+00:00\" \/>\n<meta name=\"twitter:label1\" content=\"Est. reading time\" \/>\n\t<meta name=\"twitter:data1\" content=\"6 minutes\" \/>\n<script type=\"application\/ld+json\" class=\"yoast-schema-graph\">{\"@context\":\"https:\\\/\\\/schema.org\",\"@graph\":[{\"@type\":\"WebPage\",\"@id\":\"https:\\\/\\\/nicobio.it\\\/en\\\/about-us\\\/\",\"url\":\"https:\\\/\\\/nicobio.it\\\/en\\\/about-us\\\/\",\"name\":\"About us | Farm and holiday farmhouse NicoBIO\",\"isPartOf\":{\"@id\":\"https:\\\/\\\/nicobio.it\\\/#website\"},\"datePublished\":\"2021-03-03T11:47:52+00:00\",\"dateModified\":\"2021-03-17T09:35:35+00:00\",\"description\":\"NicoBIO is above all family, collaborators, Wwoofers and social inclusion. Get to know the NicoBIO family and the Social Farm!\",\"breadcrumb\":{\"@id\":\"https:\\\/\\\/nicobio.it\\\/en\\\/about-us\\\/#breadcrumb\"},\"inLanguage\":\"en-US\",\"potentialAction\":[{\"@type\":\"ReadAction\",\"target\":[\"https:\\\/\\\/nicobio.it\\\/en\\\/about-us\\\/\"]}]},{\"@type\":\"BreadcrumbList\",\"@id\":\"https:\\\/\\\/nicobio.it\\\/en\\\/about-us\\\/#breadcrumb\",\"itemListElement\":[{\"@type\":\"ListItem\",\"position\":1,\"name\":\"Home\",\"item\":\"https:\\\/\\\/nicobio.it\\\/en\\\/\"},{\"@type\":\"ListItem\",\"position\":2,\"name\":\"About us\"}]},{\"@type\":\"WebSite\",\"@id\":\"https:\\\/\\\/nicobio.it\\\/#website\",\"url\":\"https:\\\/\\\/nicobio.it\\\/\",\"name\":\"NicoBIO\",\"description\":\"Agriturismo e azienda agricola biologica e biodinamica\",\"publisher\":{\"@id\":\"https:\\\/\\\/nicobio.it\\\/#organization\"},\"potentialAction\":[{\"@type\":\"SearchAction\",\"target\":{\"@type\":\"EntryPoint\",\"urlTemplate\":\"https:\\\/\\\/nicobio.it\\\/?s={search_term_string}\"},\"query-input\":{\"@type\":\"PropertyValueSpecification\",\"valueRequired\":true,\"valueName\":\"search_term_string\"}}],\"inLanguage\":\"en-US\"},{\"@type\":\"Organization\",\"@id\":\"https:\\\/\\\/nicobio.it\\\/#organization\",\"name\":\"Azienda Agricola NicoBIO\",\"url\":\"https:\\\/\\\/nicobio.it\\\/\",\"logo\":{\"@type\":\"ImageObject\",\"inLanguage\":\"en-US\",\"@id\":\"https:\\\/\\\/nicobio.it\\\/#\\\/schema\\\/logo\\\/image\\\/\",\"url\":\"https:\\\/\\\/nicobio.it\\\/wp-content\\\/uploads\\\/2021\\\/02\\\/logo-Nicobio_brown.png\",\"contentUrl\":\"https:\\\/\\\/nicobio.it\\\/wp-content\\\/uploads\\\/2021\\\/02\\\/logo-Nicobio_brown.png\",\"width\":150,\"height\":155,\"caption\":\"Azienda Agricola NicoBIO\"},\"image\":{\"@id\":\"https:\\\/\\\/nicobio.it\\\/#\\\/schema\\\/logo\\\/image\\\/\"}}]}<\/script>\n<!-- \/ Yoast SEO plugin. -->","yoast_head_json":{"title":"About us | Farm and holiday farmhouse NicoBIO","description":"NicoBIO is above all family, collaborators, Wwoofers and social inclusion. Get to know the NicoBIO family and the Social Farm!","robots":{"index":"index","follow":"follow","max-snippet":"max-snippet:-1","max-image-preview":"max-image-preview:large","max-video-preview":"max-video-preview:-1"},"canonical":"https:\/\/nicobio.it\/en\/about-us\/","og_locale":"en_US","og_type":"article","og_title":"About us | Farm and holiday farmhouse NicoBIO","og_description":"NicoBIO is above all family, collaborators, Wwoofers and social inclusion. Get to know the NicoBIO family and the Social Farm!","og_url":"https:\/\/nicobio.it\/en\/about-us\/","og_site_name":"NicoBIO","article_modified_time":"2021-03-17T09:35:35+00:00","twitter_misc":{"Est. reading time":"6 minutes"},"schema":{"@context":"https:\/\/schema.org","@graph":[{"@type":"WebPage","@id":"https:\/\/nicobio.it\/en\/about-us\/","url":"https:\/\/nicobio.it\/en\/about-us\/","name":"About us | Farm and holiday farmhouse NicoBIO","isPartOf":{"@id":"https:\/\/nicobio.it\/#website"},"datePublished":"2021-03-03T11:47:52+00:00","dateModified":"2021-03-17T09:35:35+00:00","description":"NicoBIO is above all family, collaborators, Wwoofers and social inclusion. Get to know the NicoBIO family and the Social Farm!","breadcrumb":{"@id":"https:\/\/nicobio.it\/en\/about-us\/#breadcrumb"},"inLanguage":"en-US","potentialAction":[{"@type":"ReadAction","target":["https:\/\/nicobio.it\/en\/about-us\/"]}]},{"@type":"BreadcrumbList","@id":"https:\/\/nicobio.it\/en\/about-us\/#breadcrumb","itemListElement":[{"@type":"ListItem","position":1,"name":"Home","item":"https:\/\/nicobio.it\/en\/"},{"@type":"ListItem","position":2,"name":"About us"}]},{"@type":"WebSite","@id":"https:\/\/nicobio.it\/#website","url":"https:\/\/nicobio.it\/","name":"NicoBIO","description":"Agriturismo e azienda agricola biologica e biodinamica","publisher":{"@id":"https:\/\/nicobio.it\/#organization"},"potentialAction":[{"@type":"SearchAction","target":{"@type":"EntryPoint","urlTemplate":"https:\/\/nicobio.it\/?s={search_term_string}"},"query-input":{"@type":"PropertyValueSpecification","valueRequired":true,"valueName":"search_term_string"}}],"inLanguage":"en-US"},{"@type":"Organization","@id":"https:\/\/nicobio.it\/#organization","name":"Azienda Agricola NicoBIO","url":"https:\/\/nicobio.it\/","logo":{"@type":"ImageObject","inLanguage":"en-US","@id":"https:\/\/nicobio.it\/#\/schema\/logo\/image\/","url":"https:\/\/nicobio.it\/wp-content\/uploads\/2021\/02\/logo-Nicobio_brown.png","contentUrl":"https:\/\/nicobio.it\/wp-content\/uploads\/2021\/02\/logo-Nicobio_brown.png","width":150,"height":155,"caption":"Azienda Agricola NicoBIO"},"image":{"@id":"https:\/\/nicobio.it\/#\/schema\/logo\/image\/"}}]}},"jetpack_sharing_enabled":true,"_links":{"self":[{"href":"https:\/\/nicobio.it\/en\/wp-json\/wp\/v2\/pages\/1066","targetHints":{"allow":["GET"]}}],"collection":[{"href":"https:\/\/nicobio.it\/en\/wp-json\/wp\/v2\/pages"}],"about":[{"href":"https:\/\/nicobio.it\/en\/wp-json\/wp\/v2\/types\/page"}],"author":[{"embeddable":true,"href":"https:\/\/nicobio.it\/en\/wp-json\/wp\/v2\/users\/3"}],"replies":[{"embeddable":true,"href":"https:\/\/nicobio.it\/en\/wp-json\/wp\/v2\/comments?post=1066"}],"version-history":[{"count":5,"href":"https:\/\/nicobio.it\/en\/wp-json\/wp\/v2\/pages\/1066\/revisions"}],"predecessor-version":[{"id":1153,"href":"https:\/\/nicobio.it\/en\/wp-json\/wp\/v2\/pages\/1066\/revisions\/1153"}],"wp:attachment":[{"href":"https:\/\/nicobio.it\/en\/wp-json\/wp\/v2\/media?parent=1066"}],"curies":[{"name":"wp","href":"https:\/\/api.w.org\/{rel}","templated":true}]}}